{"id":799,"date":"2016-02-29T13:10:37","date_gmt":"2016-02-29T13:10:37","guid":{"rendered":"http:\/\/test.kriesi.at\/travel\/?page_id=2"},"modified":"2025-06-29T14:00:51","modified_gmt":"2025-06-29T12:00:51","slug":"welcome","status":"publish","type":"page","link":"http:\/\/www.nfceurope.eu\/en\/","title":{"rendered":"Welcome1"},"content":{"rendered":"<p><\/div><\/div><\/div><!-- close content main div --><\/div><\/div><div id='full_slider_1' class='avia-fullwidth-slider main_color avia-shadow  container_wrap sidebar_right'   ><div  data-size='featured_large'  data-lightbox_size='large'  data-animation='slide_up'  data-ids='952,951,953'  data-video_counter='0'  data-autoplay='true'  data-bg_slider='false'  data-slide_height=''  data-handle='av_slideshow_full'  data-interval='6'  data-class=' '  data-css_id=''  data-scroll_down=''  data-control_layout='av-control-minimal'  data-custom_markup=''  data-perma_caption=''  data-autoplay_stopper=''  data-image_attachment=''  data-src=''  data-position='top left'  data-repeat='no-repeat'  data-attach='scroll'  data-stretch=''  data-default-height='42'  class='avia-slideshow avia-slideshow-1  av-control-minimal av-default-height-applied avia-slideshow-featured_large av_slideshow_full   avia-slide_up-slider '  itemscope=\"itemscope\" itemtype=\"https:\/\/schema.org\/ImageObject\" ><ul class='avia-slideshow-inner' style='padding-bottom: 43.928571428571%;'><li  class=' slide-1 ' ><div data-rel='slideshow-1' class='avia-slide-wrap'  ><div class = \"caption_fullwidth av-slideshow-caption caption_center\"><div class = \"container caption_container\"><div class = \"slideshow_caption\"><div class = \"slideshow_inner_caption\"><div class = \"slideshow_align_caption\"><h2  style='font-size:70px; ' class='avia-caption-title'  itemprop=\"name\" >Innovation<strong>.<\/strong><\/h2><div class='avia-caption-content av_inherit_color'  itemprop=\"description\"   style='font-size:38px; '><p>All of our new solutions are designed to be the best. We invest in R&amp;D so that you receive the highest quality and the safest products.<br \/>\n<br \/>\n<\/p>\n<\/div><a href='http:\/\/www.nfceurope.eu\/en\/oferta\/'  class='avia-slideshow-button avia-button avia-color-light ' data-duration='800' data-easing='easeInOutQuad'>OFFER<\/a><\/div><\/div><\/div><\/div><\/div><img src='http:\/\/www.nfceurope.eu\/wp-content\/uploads\/2017\/11\/inovation01.jpg' width='1400' height='615' title='inovation01' alt=''  itemprop=\"contentURL\"  \/><div class='av-section-color-overlay' style='opacity: 0.6; background-color: #0a0a0a; '><\/div><\/div><\/li><li  class=' slide-2 ' ><div data-rel='slideshow-1' class='avia-slide-wrap'  ><div class = \"caption_fullwidth av-slideshow-caption caption_center\"><div class = \"container caption_container\"><div class = \"slideshow_caption\"><div class = \"slideshow_inner_caption\"><div class = \"slideshow_align_caption\"><h2  style='font-size:70px; ' class='avia-caption-title'  itemprop=\"name\" >Delivery in Europe<\/h2><div class='avia-caption-content av_inherit_color'  itemprop=\"description\"   style='font-size:38px; '><p><br \/>\nNFC Europe sp. z o.o.<br \/>\nAddress: 95-054 Ksawerow, ul. Lodzka 32<br \/>\n<br \/>\n<\/p>\n<\/div><a href='TEL:+48 882 518 905'  class='avia-slideshow-button avia-button avia-color-theme-color avia-multi-slideshow-button' data-duration='800' data-easing='easeInOutQuad'>+48 882 518 905<\/a><a href='\/kontakt'  class='avia-slideshow-button avia-button avia-color-theme-color-subtle avia-multi-slideshow-button avia-slideshow-button-2' data-duration='800' data-easing='easeInOutQuad'>CONTACT<\/a><\/div><\/div><\/div><\/div><\/div><img src='http:\/\/www.nfceurope.eu\/wp-content\/uploads\/2017\/11\/delivery01.jpg' width='1400' height='615' title='delivery01' alt=''  itemprop=\"contentURL\"  \/><div class='av-section-color-overlay' style='opacity: 0.5; background-color: #000000; '><\/div><\/div><\/li><li  class=' slide-3 ' ><div data-rel='slideshow-1' class='avia-slide-wrap'  ><div class = \"caption_fullwidth av-slideshow-caption caption_center\"><div class = \"container caption_container\"><div class = \"slideshow_caption\"><div class = \"slideshow_inner_caption\"><div class = \"slideshow_align_caption\"><h2  style='font-size:70px; ' class='avia-caption-title'  itemprop=\"name\" >High quality<strong>.<\/strong><\/h2><div class='avia-caption-content av_inherit_color'  itemprop=\"description\"   style='font-size:38px; '><p>All our wheel bearing kits\/ hub unit kits are produced according to the International standard ISO\/IAFT 16949-2002: The certification is not only for manufacturing but also for design. Meaning preferred supplier of OEM ISO standard approved parts within the automotive industry.<br \/>\n<br \/>\n<\/p>\n<\/div><a href='TEL:+48 882 518 905'  class='avia-slideshow-button avia-button avia-color-theme-color avia-multi-slideshow-button' data-duration='800' data-easing='easeInOutQuad'>+48 882 518 905<\/a><a href='\/kontakt'  class='avia-slideshow-button avia-button avia-color-theme-color-subtle avia-multi-slideshow-button avia-slideshow-button-2' data-duration='800' data-easing='easeInOutQuad'>CONTACT<\/a><\/div><\/div><\/div><\/div><\/div><img src='http:\/\/www.nfceurope.eu\/wp-content\/uploads\/2017\/11\/qality01.jpg' width='1400' height='615' title='qality01' alt=''  itemprop=\"contentURL\"  \/><div class='av-section-color-overlay' style='opacity: 0.5; background-color: #000000; '><\/div><\/div><\/li><\/ul><div class='avia-slideshow-arrows avia-slideshow-controls'><a href='#prev' class='prev-slide' aria-hidden='true' data-av_icon='\ue87c' data-av_iconfont='entypo-fontello'>Previous<\/a><a href='#next' class='next-slide' aria-hidden='true' data-av_icon='\ue87d' data-av_iconfont='entypo-fontello'>Next<\/a><\/div><div class='avia-slideshow-dots avia-slideshow-controls'><a href='#1' class='goto-slide active' >1<\/a><a href='#2' class='goto-slide ' >2<\/a><a href='#3' class='goto-slide ' >3<\/a><\/div><\/div><\/div><\/p>\n<\/div><\/div><\/div><!-- close content main div --><\/div><\/div><div id='av-layout-grid-1' class='av-layout-grid-container entry-content-wrapper main_color av-flex-cells  container_wrap sidebar_right'   >\n<div class=\"flex_cell no_margin av_one_third   avia-full-stretch \" style='vertical-align:top; padding:40px 50px 40px 50px ; background-color:#d63d2d; '><div class='flex_cell_inner' ><article class=\"iconbox iconbox_left_content  \"  itemscope=\"itemscope\" itemtype=\"https:\/\/schema.org\/CreativeWork\" ><div class=\"iconbox_icon heading-color\" aria-hidden='true' data-av_icon='\ue855' data-av_iconfont='entypo-fontello'  style='border:1px solid #ffffff; color:#ffffff; ' ><\/div><div class=\"iconbox_content\"><header class=\"entry-content-header\"><h3 class='iconbox_content_title'  itemprop=\"headline\"   style='color:#ffffff; '>OFFER<\/h3><\/header><div class='iconbox_content_container av_inherit_color'  itemprop=\"text\"   style='color:#ffffff; '><p>NFC Europe specializes in the production and distribution of hub units and wheel baring kits for all automotive companies. All our wheel bearing kits\/ hub unit kits are produced according to the International standard TS16949: Meaning preferred supplier of OEM ISO standard approved parts within the automotive industry.<br \/>\n<\/p>\n<\/div><\/div><footer class=\"entry-footer\"><\/footer><\/article>\n<\/div><\/div><div class=\"flex_cell no_margin av_one_third   avia-full-stretch \" style='vertical-align:top; padding:40px 50px 40px 50px ; background-color:#292929; '><div class='flex_cell_inner' ><article class=\"iconbox iconbox_left_content  \"  itemscope=\"itemscope\" itemtype=\"https:\/\/schema.org\/CreativeWork\" ><div class=\"iconbox_icon heading-color\" aria-hidden='true' data-av_icon='\ue84e' data-av_iconfont='entypo-fontello'  style='color:#ffffff; ' ><\/div><div class=\"iconbox_content\"><header class=\"entry-content-header\"><h3 class='iconbox_content_title'  itemprop=\"headline\"   style='color:#ffffff; '>CATALOGKATALOG<strong>.<\/strong><\/h3><\/header><div class='iconbox_content_container av_inherit_color'  itemprop=\"text\"   style='color:#ffffff; '><ul>\n<li style=\"list-style-type: none\">\n<ul><\/p>\n<li><a href=\"\/wp-content\/uploads\/2013\/01\/DOUBLE-ROW-ANQULAR-CONTACT-BALL-BEARING-SERLES.pdf\">Double-row anqular contact ball bearing serles<\/a><\/li>\n<li><a href=\"\/wp-content\/uploads\/2013\/01\/DOUBLE-ROW-TAPER-ROLLER-BEARING-SERVIES.pdf\">Double-row taper roller bearing servies<\/a><\/li>\n<li><a href=\"\/wp-content\/uploads\/2013\/01\/FIRST-GENERATION-HUB-UNITS.pdf\">First Generation HUB Units<\/a><\/li>\n<li><a href=\"\/wp-content\/uploads\/2013\/01\/SECOND-GENERATION-HUB-UNITS.pdf\">Second Generation HUB Units<\/a><\/li>\n<li><a href=\"\/wp-content\/uploads\/2013\/01\/THIRD-GENERATION-HUB-UNITS.pdf\">Third Generation HUB Units<\/a><\/li>\n<\/ul>\n<\/li>\n<\/ul>\n<p><\/p>\n<p><\/p>\n<\/div><\/div><footer class=\"entry-footer\"><\/footer><\/article>\n<\/div><\/div><div class=\"flex_cell no_margin av_one_third   avia-full-stretch \" style='vertical-align:top; padding:40px 50px 40px 50px ; background-color:#3c3c3c; '><div class='flex_cell_inner' ><article class=\"iconbox iconbox_left_content  \"  itemscope=\"itemscope\" itemtype=\"https:\/\/schema.org\/CreativeWork\" ><div class=\"iconbox_icon heading-color\" aria-hidden='true' data-av_icon='\ue854' data-av_iconfont='entypo-fontello'  style='color:#ffffff; ' ><\/div><div class=\"iconbox_content\"><header class=\"entry-content-header\"><h3 class='iconbox_content_title'  itemprop=\"headline\"   style='color:#ffffff; '>CONTACT<strong>.<\/strong><\/h3><\/header><div class='iconbox_content_container av_inherit_color'  itemprop=\"text\"   style='color:#ffffff; '><p>t: +48 882 518 905;<br \/>\ne: biuro@nfceurope.eu<br \/>\n<strong>Magazyn<\/strong><br \/>\nt: +48 666 409\u00a0901;<br \/>\ne: magazyn@nfceurope.eu<\/p>\n<\/div><\/div><footer class=\"entry-footer\"><\/footer><\/article>\n<\/div><\/div><\/div><\/div><\/div><\/div><!-- close content main div --><\/div><\/div><div id='av_section_1' class='avia-section alternate_color avia-section-small avia-no-border-styling avia-full-stretch av-section-color-overlay-active avia-bg-style-fixed  container_wrap sidebar_right' style = 'background-repeat: no-repeat; background-image: url(http:\/\/www.nfceurope.eu\/wp-content\/uploads\/2017\/11\/ring02-1500x600.jpg); background-attachment: fixed; background-position: center center; ' data-section-bg-repeat='stretch' ><div class='av-section-color-overlay-wrap'><div class='av-section-color-overlay' style='opacity: 0.7; background-color: #000000; '><\/div><div class='container' ><div class='template-page content  av-content-small alpha units'><div class='post-entry post-entry-type-page post-entry-799'><div class='entry-content-wrapper clearfix'>\n<div style='padding-bottom:20px;font-size:50px;' class='av-special-heading av-special-heading-h1  blockquote modern-quote modern-centered   av-thin-font av-inherit-size'><h1 class='av-special-heading-tag'  itemprop=\"headline\"  >NFC Europe sp. z o.o<strong>.<\/strong><\/h1><div class='special-heading-border'><div class='special-heading-inner-border' ><\/div><\/div><\/div>\n<div class=\"flex_column av_one_fifth  flex_column_div av-zero-column-padding first  \" style='border-radius:0px; '><\/div><div class=\"flex_column av_three_fifth  flex_column_div av-zero-column-padding   \" style='border-radius:0px; '><section class=\"av_textblock_section\"  itemscope=\"itemscope\" itemtype=\"https:\/\/schema.org\/CreativeWork\" ><div class='avia_textblock '   itemprop=\"text\" ><p><\/p>\n<p style=\"text-align: center;\">The NFC Auto Group produces spare parts for many auto companies such as Peugeot, Renault, Citroen, Toyota, Fiat, Lancia, Seat, Volvo, Audi, Volkswagen, Chrysler, Opel, Fiat, Nissan, Honda, Suzuki, BMW, Mazda, Rover and Mercedes-Benz.!<\/p>\n<p><br \/>\n<\/p>\n<\/div><\/section><\/div><div class=\"flex_column av_one_fifth  flex_column_div av-zero-column-padding   \" style='border-radius:0px; '><\/div><div class='avia-button-wrap avia-button-center '><a href='http:\/\/www.nfceurope.eu\/en\/katalog\/' class='avia-button av-icon-on-hover avia-icon_select-yes-right-icon avia-color-theme-color avia-size-large avia-position-center '   ><span class='avia_iconbox_title' >CHECK OUR OFFER<\/span><span class='avia_button_icon avia_button_icon_right' aria-hidden='true' data-av_icon='\ue879' data-av_iconfont='entypo-fontello'><\/span><\/a><\/div>\n<\/div><\/div><\/div><!-- close content main div --><\/div><\/div><\/div><div id='after_section_1' class='main_color av_default_container_wrap container_wrap sidebar_right'   ><div class='container' ><div class='template-page content  av-content-small alpha units'><div class='post-entry post-entry-type-page post-entry-799'><div class='entry-content-wrapper clearfix'><\/p>\n<\/div><\/div><\/div><!-- close content main div --><\/div><\/div><\/div><div id='av_section_2' class='avia-section header_color avia-section-small avia-no-border-styling avia-bg-style-scroll  container_wrap sidebar_right'   ><div class='container' ><div class='template-page content  av-content-small alpha units'><div class='post-entry post-entry-type-page post-entry-799'><div class='entry-content-wrapper clearfix'>\n<div style='padding-bottom:10px;font-size:50px;' class='av-special-heading av-special-heading-h1  blockquote modern-quote modern-centered   av-thin-font av-inherit-size'><h1 class='av-special-heading-tag'  itemprop=\"headline\"  >About our company<strong>.<\/strong><\/h1><div class='special-heading-border'><div class='special-heading-inner-border' ><\/div><\/div><\/div>\n<div class=\"flex_column av_one_full  flex_column_div av-zero-column-padding first  \" style='border-radius:0px; '><section class=\"av_textblock_section\"  itemscope=\"itemscope\" itemtype=\"https:\/\/schema.org\/CreativeWork\" ><div class='avia_textblock '   itemprop=\"text\" ><p style=\"text-align: left;\"><img decoding=\"async\" src=\"\/wp-content\/uploads\/2013\/01\/budynek.png\" align=\"right\" hspace=\"5\" vspace=\"5\" \/><br \/>\nNFC Europe sp. z o.o is a company that belongs to the NFC Auto Group which produces and distributes high quality auto parts. NFC Europe specializes in the sale of wheeling baring kits and hub units.<\/p>\n<p>The NFC Auto Group produces spare parts for many auto companies such as Peugeot, Renault, Citroen, Toyota, Fiat, Lancia, Seat, Volvo, Audi, Volkswagen, Chrysler, Opel, Fiat, Nissan, Honda, Suzuki, BMW, Mazda, Rover and Mercedes-Benz.<\/p>\n<p>Providing spare parts of the highest quality is the number one priority for the NFC Auto Group.<\/p>\n<p><br \/>\n<\/p>\n<\/div><\/section><\/div>\n<\/div><\/div><\/div><!-- close content main div --><\/div><\/div><div id='after_section_2' class='main_color av_default_container_wrap container_wrap sidebar_right'   ><div class='container' ><div class='template-page content  av-content-small alpha units'><div class='post-entry post-entry-type-page post-entry-799'><div class='entry-content-wrapper clearfix'>\n<\/div><\/div><\/div><!-- close content main div --><\/div><\/div><div id='av_section_3' class='avia-section header_color avia-section-small avia-no-border-styling avia-bg-style-scroll  container_wrap sidebar_right'   ><div class='container' ><div class='template-page content  av-content-small alpha units'><div class='post-entry post-entry-type-page post-entry-799'><div class='entry-content-wrapper clearfix'>\n<div class=\"flex_column av_one_fifth  av-hide-on-mobile  flex_column_div av-zero-column-padding first  \" style='border-radius:0px; '><section class=\"av_textblock_section\"  itemscope=\"itemscope\" itemtype=\"https:\/\/schema.org\/CreativeWork\" ><div class='avia_textblock '   itemprop=\"text\" ><p><img loading=\"lazy\" decoding=\"async\" class=\"alignnone size-full wp-image-244\" src=\"\/wp-content\/uploads\/2013\/01\/c2-77.jpg\" alt=\"\" width=\"135\" height=\"115\" \/><\/p>\n<\/div><\/section><\/div><div class=\"flex_column av_one_fifth  av-hide-on-mobile  flex_column_div av-zero-column-padding   \" style='border-radius:0px; '><section class=\"av_textblock_section\"  itemscope=\"itemscope\" itemtype=\"https:\/\/schema.org\/CreativeWork\" ><div class='avia_textblock '   itemprop=\"text\" ><p><img loading=\"lazy\" decoding=\"async\" class=\"alignnone size-full wp-image-255\" src=\"\/wp-content\/uploads\/2013\/01\/c2-89.jpg\" alt=\"\u0141o\u017cysko ko\u0142a prz\u00f3d, \u0142o\u017cysko ko\u0142a ty\u0142, piasta ko\u0142a opel astra, zafira, audi, seat, skoda, vw, ford mondeo.\" width=\"141\" height=\"139\" \/><\/p>\n<\/div><\/section><\/div><div class=\"flex_column av_one_fifth  av-hide-on-mobile  flex_column_div av-zero-column-padding   \" style='border-radius:0px; '><section class=\"av_textblock_section\"  itemscope=\"itemscope\" itemtype=\"https:\/\/schema.org\/CreativeWork\" ><div class='avia_textblock '   itemprop=\"text\" ><p><img loading=\"lazy\" decoding=\"async\" class=\"alignnone size-full wp-image-220\" src=\"\/wp-content\/uploads\/2013\/01\/c2-52.jpg\" alt=\"\" width=\"138\" height=\"114\" \/><\/p>\n<\/div><\/section><\/div><div class=\"flex_column av_one_fifth  av-hide-on-mobile  flex_column_div av-zero-column-padding   \" style='border-radius:0px; '><section class=\"av_textblock_section\"  itemscope=\"itemscope\" itemtype=\"https:\/\/schema.org\/CreativeWork\" ><div class='avia_textblock '   itemprop=\"text\" ><p><img loading=\"lazy\" decoding=\"async\" class=\"alignnone size-full wp-image-149\" src=\"\/wp-content\/uploads\/2013\/01\/b2-48.jpg\" alt=\"\" width=\"137\" height=\"114\" \/><\/p>\n<\/div><\/section><\/div><div class=\"flex_column av_one_fifth  av-hide-on-mobile  flex_column_div av-zero-column-padding   \" style='border-radius:0px; '><section class=\"av_textblock_section\"  itemscope=\"itemscope\" itemtype=\"https:\/\/schema.org\/CreativeWork\" ><div class='avia_textblock '   itemprop=\"text\" ><p><img loading=\"lazy\" decoding=\"async\" class=\"alignnone size-full wp-image-89\" src=\"\/wp-content\/uploads\/2013\/01\/2-1.jpg\" alt=\"\" width=\"170\" height=\"121\" \/><\/p>\n<\/div><\/section><\/div>\n<\/div><\/div><\/div><!-- close content main div --><\/div><\/div><div id='after_section_3' class='main_color av_default_container_wrap container_wrap sidebar_right'   ><div class='container' ><div class='template-page content  av-content-small alpha units'><div class='post-entry post-entry-type-page post-entry-799'><div class='entry-content-wrapper clearfix'>\n<p><\/div><\/div><\/div><!-- close content main div --><\/div><\/div><div id='av-layout-grid-2' class='av-layout-grid-container entry-content-wrapper main_color av-flex-cells  container_wrap sidebar_right'   >\n<div class=\"flex_cell no_margin av_one_full   avia-full-stretch av-zero-padding av-hide-on-mobile  \" style='vertical-align:top; padding:0px; background-color:#ffffff; '><div class='flex_cell_inner' ><\/div><\/div>\n<\/div><\/p>","protected":false},"excerpt":{"rendered":"","protected":false},"author":2,"featured_media":0,"parent":0,"menu_order":0,"comment_status":"closed","ping_status":"closed","template":"","meta":{"footnotes":""},"class_list":["post-799","page","type-page","status-publish","hentry"],"_links":{"self":[{"href":"http:\/\/www.nfceurope.eu\/en\/wp-json\/wp\/v2\/pages\/799","targetHints":{"allow":["GET"]}}],"collection":[{"href":"http:\/\/www.nfceurope.eu\/en\/wp-json\/wp\/v2\/pages"}],"about":[{"href":"http:\/\/www.nfceurope.eu\/en\/wp-json\/wp\/v2\/types\/page"}],"author":[{"embeddable":true,"href":"http:\/\/www.nfceurope.eu\/en\/wp-json\/wp\/v2\/users\/2"}],"replies":[{"embeddable":true,"href":"http:\/\/www.nfceurope.eu\/en\/wp-json\/wp\/v2\/comments?post=799"}],"version-history":[{"count":112,"href":"http:\/\/www.nfceurope.eu\/en\/wp-json\/wp\/v2\/pages\/799\/revisions"}],"predecessor-version":[{"id":1230,"href":"http:\/\/www.nfceurope.eu\/en\/wp-json\/wp\/v2\/pages\/799\/revisions\/1230"}],"wp:attachment":[{"href":"http:\/\/www.nfceurope.eu\/en\/wp-json\/wp\/v2\/media?parent=799"}],"curies":[{"name":"wp","href":"https:\/\/api.w.org\/{rel}","templated":true}]}}